{"id":5,"date":"2018-09-27T08:47:45","date_gmt":"2018-09-27T08:47:45","guid":{"rendered":"http:\/\/customevents.fi\/customevents\/one-page-express-pro\/"},"modified":"2021-03-03T17:02:07","modified_gmt":"2021-03-03T17:02:07","slug":"front-page","status":"publish","type":"page","link":"https:\/\/customevents.fi\/customevents\/","title":{"rendered":"Front Page"},"content":{"rendered":"<div  data-label=\"Overlapable\" data-id=\"stripped-features-image-cards-section\" data-category=\"overlapable\" data-=\"\" class=\"features-image-cards-section stripped-features-image-cards-section\" data-overlap=\"true\" id=\"overlapable-3\" style=\"background-color: rgba(255, 255, 255, 0); background-image: none;\" data-ovid=\"ovid-overlapable-3-163\">\n<div  class=\"\">\n<div  class=\"features-image-cards-innerrow flexbox-list\" data-type=\"row\">\n<div  class=\"features-image-cards-cardcol cp6cols-tablet cp3cols\">\n<div  class=\"features-image-cards-cardrow\">\n\n<img decoding=\"async\"  class=\"features-image-cards-featimg\" src=\"http:\/\/customevents.fi\/customevents\/wp-content\/uploads\/2018\/09\/etusivu_twist.jpg\">\n<div  class=\"features-image-cards-cardtextrow\" data-type=\"column\">\n<h4  class=\"\">\u00c4\u00e4nentoistopalvelut<\/h4>\n\n<hr  class=\"features-image-cards-separator\">\n<p  class=\"\">Meill\u00e4 on vuosien kokemus erilaisten tilaisuuksien ja tapahtumien \u00e4\u00e4nentoistosta. Olemme vuosien saatossa toimittaneet \u00e4\u00e4nentoistoratkaisuja&nbsp; mm. <a href=\"http:\/\/customweddings.fi\" rel=\"noopener noreferrer\" target=\"_blank\" class=\"\">juhliin<\/a>, urheilukilpailuihin, konsertteihin, festivaaleille, musiikkitapahtumiin, puhetapahtumiin, messuille, teatteriin yms\u2026<\/p>\n\n<\/div>\n<\/div>\n<\/div>\n<div  class=\"features-image-cards-cardcol cp6cols-tablet cp3cols\">\n<div  class=\"features-image-cards-cardrow\">\n\n<img decoding=\"async\"  class=\"features-image-cards-featimg\" src=\"http:\/\/customevents.fi\/customevents\/wp-content\/uploads\/2018\/09\/valaistusta-1.jpg\">\n<div  class=\"features-image-cards-cardtextrow\" data-type=\"column\">\n<h4  class=\"\">Valaistuspalvelut<\/h4>\n\n<hr  class=\"features-image-cards-separator\">\n<p  class=\"\">Suunnittelemme kanssasi tapahtumaasi n\u00e4ytt\u00e4v\u00e4n valaistuksen. Meilt\u00e4 l\u00f6ytyy ratkaisut niin erilaisten tila- ja tunnelmavalaistusten tekemiseen kuin my\u00f6s konsertti- ja festivaalik\u00e4ytt\u00f6\u00f6n.<\/p>\n\n<\/div>\n<\/div>\n<\/div>\n<div  class=\"features-image-cards-cardcol cp6cols-tablet cp3cols\">\n<div  class=\"features-image-cards-cardrow\">\n\n<img decoding=\"async\"  class=\"features-image-cards-featimg\" src=\"http:\/\/customevents.fi\/customevents\/wp-content\/uploads\/2018\/09\/messuosasto-1.jpg\">\n<div  class=\"features-image-cards-cardtextrow\" data-type=\"column\">\n<h4  class=\"\">Messuosastot ja messumatot<\/h4>\n\n<hr  class=\"features-image-cards-separator\">\n<p  class=\"\">Trussien, valojen ja erilaisten elementtien avulla saamme luotua n\u00e4ytt\u00e4vi\u00e4 messuosastoja, jotka suunnitellaan aina asiakkaan toiveiden mukaan.<\/p>\nMeilt\u00e4 saat ostettua my\u00f6s laadukkaita messumattoja l\u00e4hes kaiken v\u00e4risin\u00e4. Asennettuna tai ilman.\n\n<\/div>\n<\/div>\n<\/div>\n<div  class=\"features-image-cards-cardcol cp6cols-tablet cp3cols\">\n<div  class=\"features-image-cards-cardrow\">\n\n<img decoding=\"async\"  class=\"features-image-cards-featimg\" src=\"http:\/\/customevents.fi\/customevents\/wp-content\/uploads\/2018\/10\/kiintea_asennus-e1539018115528.jpg\">\n<div  class=\"features-image-cards-cardtextrow\" data-type=\"column\">\n<h4  class=\"\">Laitevuokraus kiinte\u00e4\u00e4n asennukseen tai keikalle<\/h4>\n\n<hr  class=\"features-image-cards-separator\">\n<p  class=\"\">Yksitt\u00e4isten tilaisuuksien ja tapahtumien lis\u00e4ksi voimme vuokrata, myyd\u00e4 ja asentaa laitteita my\u00f6s kiinte\u00e4\u00e4n k\u00e4ytt\u00f6\u00f6n. Suunnittelemme kanssasi kustannustehokkaan ja laadukkaan tilaasi sopivan j\u00e4rjestelm\u00e4n, joka toimitetaan sinulle asennettuna. Huolehdimme puolestasi my\u00f6s laitteiden huollosta ja yll\u00e4pidosta.<\/p>\n\n<\/div>\n<\/div>\n<\/div>\n<\/div>\n<\/div>\n<\/div><div  data-label=\"About\" data-id=\"about-images-right-section\" data-category=\"about\" class=\"about-images-right-section\" id=\"about-3\" style=\"background-color: rgb(246, 246, 246);\"> <div  class=\"gridContainer dynamic-color\"> <div  class=\"about-images-right-innerrow dynamic-color\"> <div  class=\"about-images-right-textcol\" data-type=\"column\"> <h5  class=\"\">Tunnelmaa juhliisi?<\/h5> <h2  class=\"about-images-right-bigtitle\"><span  style=\"font-weight: 400; font-family: verdana, geneva, sans-serif;\">Tila- ja tunnelma-valaistukset h\u00e4ihin ja juhliin.<\/span><\/h2>  <p  class=\"\">Lue lis\u00e4\u00e4 palvelustatamme:<\/p><a class=\"button color4\" href=\"http:\/\/customweddings.fi\" target=\"_self\" data-icon=\"fa-forward\" rel=\"noopener noreferrer\"><span  class=\"button-icon fa fa-forward\"><\/span>CustomWeddings.fi<\/a> <\/div> <div  class=\"about-images-right-imgcol\"><img decoding=\"async\"  class=\"about-images-right-topimg\" src=\"http:\/\/customevents.fi\/customevents\/wp-content\/uploads\/2019\/01\/projisointi.jpg\"><img decoding=\"async\"  class=\"about-images-right-rightimg\" src=\"http:\/\/customevents.fi\/customevents\/wp-content\/uploads\/2019\/01\/tasala.png\"><img decoding=\"async\"  class=\"about-images-right-leftimg\" src=\"http:\/\/customevents.fi\/customevents\/wp-content\/uploads\/2019\/01\/sininenhuone.jpg\"> <\/div> <\/div> <\/div><\/div>","protected":false},"excerpt":{"rendered":"<p>\u00c4\u00e4nentoistopalvelut Meill\u00e4 on vuosien kokemus erilaisten tilaisuuksien ja tapahtumien \u00e4\u00e4nentoistosta. Olemme vuosien saatossa toimittaneet \u00e4\u00e4nentoistoratkaisuja&nbsp; mm. juhliin, urheilukilpailuihin, konsertteihin, festivaaleille, musiikkitapahtumiin, puhetapahtumiin, messuille, teatteriin yms\u2026 Valaistuspalvelut Suunnittelemme kanssasi tapahtumaasi n\u00e4ytt\u00e4v\u00e4n valaistuksen. Meilt\u00e4 l\u00f6ytyy ratkaisut niin erilaisten tila- ja tunnelmavalaistusten tekemiseen kuin my\u00f6s konsertti- ja festivaalik\u00e4ytt\u00f6\u00f6n. Messuosastot ja messumatot Trussien, valojen ja erilaisten elementtien avulla saamme&hellip; <br \/> <a class=\"button small blue\" href=\"https:\/\/customevents.fi\/customevents\/\">Read more<\/a><\/p>\n","protected":false},"author":1,"featured_media":0,"parent":0,"menu_order":0,"comment_status":"closed","ping_status":"closed","template":"","meta":[],"yoast_head":"<!-- This site is optimized with the Yoast SEO plugin v19.10 - https:\/\/yoast.com\/wordpress\/plugins\/seo\/ -->\n<title>Custom Events | &Auml;&auml;nentoisto- ja valaistuspalvelut | Tapahtumatekniikka<\/title>\n<meta name=\"description\" content=\"Tapahtumatekniikkaa Porista. \u00c4\u00e4nentoistopalvelut, valaistuspalvelut, messuosastot, messumatot sek\u00e4 kiinte\u00e4t asennukset. Luotettavasti ja ammattitaidolla.\" \/>\n<meta name=\"robots\" content=\"index, follow, max-snippet:-1, max-image-preview:large, max-video-preview:-1\" \/>\n<link rel=\"canonical\" href=\"https:\/\/customevents.fi\/customevents\/\" \/>\n<meta property=\"og:locale\" content=\"fi_FI\" \/>\n<meta property=\"og:type\" content=\"article\" \/>\n<meta property=\"og:title\" content=\"Custom Events | &Auml;&auml;nentoisto- ja valaistuspalvelut | Tapahtumatekniikka\" \/>\n<meta property=\"og:description\" content=\"Tapahtumatekniikkaa Porista. \u00c4\u00e4nentoistopalvelut, valaistuspalvelut, messuosastot, messumatot sek\u00e4 kiinte\u00e4t asennukset. Luotettavasti ja ammattitaidolla.\" \/>\n<meta property=\"og:url\" content=\"https:\/\/customevents.fi\/customevents\/\" \/>\n<meta property=\"og:site_name\" content=\"Custom Events | &Auml;&auml;nentoisto- ja valaistuspalvelut\" \/>\n<meta property=\"article:modified_time\" content=\"2021-03-03T17:02:07+00:00\" \/>\n<meta property=\"og:image\" content=\"http:\/\/customevents.fi\/customevents\/wp-content\/uploads\/2018\/09\/etusivu_twist.jpg\" \/>\n<meta name=\"twitter:card\" content=\"summary_large_image\" \/>\n<meta name=\"twitter:label1\" content=\"Arvioitu lukuaika\" \/>\n\t<meta name=\"twitter:data1\" content=\"1 minuutti\" \/>\n<script type=\"application\/ld+json\" class=\"yoast-schema-graph\">{\"@context\":\"https:\/\/schema.org\",\"@graph\":[{\"@type\":\"WebPage\",\"@id\":\"https:\/\/customevents.fi\/customevents\/\",\"url\":\"https:\/\/customevents.fi\/customevents\/\",\"name\":\"Custom Events | &Auml;&auml;nentoisto- ja valaistuspalvelut | Tapahtumatekniikka\",\"isPartOf\":{\"@id\":\"https:\/\/customevents.fi\/customevents\/#website\"},\"datePublished\":\"2018-09-27T08:47:45+00:00\",\"dateModified\":\"2021-03-03T17:02:07+00:00\",\"description\":\"Tapahtumatekniikkaa Porista. \u00c4\u00e4nentoistopalvelut, valaistuspalvelut, messuosastot, messumatot sek\u00e4 kiinte\u00e4t asennukset. Luotettavasti ja ammattitaidolla.\",\"breadcrumb\":{\"@id\":\"https:\/\/customevents.fi\/customevents\/#breadcrumb\"},\"inLanguage\":\"fi\",\"potentialAction\":[{\"@type\":\"ReadAction\",\"target\":[\"https:\/\/customevents.fi\/customevents\/\"]}]},{\"@type\":\"BreadcrumbList\",\"@id\":\"https:\/\/customevents.fi\/customevents\/#breadcrumb\",\"itemListElement\":[{\"@type\":\"ListItem\",\"position\":1,\"name\":\"Home\",\"item\":\"https:\/\/customevents.fi\/customevents\/\"},{\"@type\":\"ListItem\",\"position\":2,\"name\":\"Front Page\"}]},{\"@type\":\"WebSite\",\"@id\":\"https:\/\/customevents.fi\/customevents\/#website\",\"url\":\"https:\/\/customevents.fi\/customevents\/\",\"name\":\"Custom Events | &Auml;&auml;nentoisto- ja valaistuspalvelut\",\"description\":\"&Auml;&auml;nentoisto- ja valaistuspalvelut satakunnassa\",\"publisher\":{\"@id\":\"https:\/\/customevents.fi\/customevents\/#organization\"},\"potentialAction\":[{\"@type\":\"SearchAction\",\"target\":{\"@type\":\"EntryPoint\",\"urlTemplate\":\"https:\/\/customevents.fi\/customevents\/?s={search_term_string}\"},\"query-input\":\"required name=search_term_string\"}],\"inLanguage\":\"fi\"},{\"@type\":\"Organization\",\"@id\":\"https:\/\/customevents.fi\/customevents\/#organization\",\"name\":\"Custom Events\",\"url\":\"https:\/\/customevents.fi\/customevents\/\",\"logo\":{\"@type\":\"ImageObject\",\"inLanguage\":\"fi\",\"@id\":\"https:\/\/customevents.fi\/customevents\/#\/schema\/logo\/image\/\",\"url\":\"https:\/\/customevents.fi\/customevents\/wp-content\/uploads\/2018\/09\/CE-thumpnailkuvake.png\",\"contentUrl\":\"https:\/\/customevents.fi\/customevents\/wp-content\/uploads\/2018\/09\/CE-thumpnailkuvake.png\",\"width\":513,\"height\":513,\"caption\":\"Custom Events\"},\"image\":{\"@id\":\"https:\/\/customevents.fi\/customevents\/#\/schema\/logo\/image\/\"}}]}<\/script>\n<!-- \/ Yoast SEO plugin. -->","yoast_head_json":{"title":"Custom Events | &Auml;&auml;nentoisto- ja valaistuspalvelut | Tapahtumatekniikka","description":"Tapahtumatekniikkaa Porista. \u00c4\u00e4nentoistopalvelut, valaistuspalvelut, messuosastot, messumatot sek\u00e4 kiinte\u00e4t asennukset. Luotettavasti ja ammattitaidolla.","robots":{"index":"index","follow":"follow","max-snippet":"max-snippet:-1","max-image-preview":"max-image-preview:large","max-video-preview":"max-video-preview:-1"},"canonical":"https:\/\/customevents.fi\/customevents\/","og_locale":"fi_FI","og_type":"article","og_title":"Custom Events | &Auml;&auml;nentoisto- ja valaistuspalvelut | Tapahtumatekniikka","og_description":"Tapahtumatekniikkaa Porista. \u00c4\u00e4nentoistopalvelut, valaistuspalvelut, messuosastot, messumatot sek\u00e4 kiinte\u00e4t asennukset. Luotettavasti ja ammattitaidolla.","og_url":"https:\/\/customevents.fi\/customevents\/","og_site_name":"Custom Events | &Auml;&auml;nentoisto- ja valaistuspalvelut","article_modified_time":"2021-03-03T17:02:07+00:00","og_image":[{"url":"http:\/\/customevents.fi\/customevents\/wp-content\/uploads\/2018\/09\/etusivu_twist.jpg"}],"twitter_card":"summary_large_image","twitter_misc":{"Arvioitu lukuaika":"1 minuutti"},"schema":{"@context":"https:\/\/schema.org","@graph":[{"@type":"WebPage","@id":"https:\/\/customevents.fi\/customevents\/","url":"https:\/\/customevents.fi\/customevents\/","name":"Custom Events | &Auml;&auml;nentoisto- ja valaistuspalvelut | Tapahtumatekniikka","isPartOf":{"@id":"https:\/\/customevents.fi\/customevents\/#website"},"datePublished":"2018-09-27T08:47:45+00:00","dateModified":"2021-03-03T17:02:07+00:00","description":"Tapahtumatekniikkaa Porista. \u00c4\u00e4nentoistopalvelut, valaistuspalvelut, messuosastot, messumatot sek\u00e4 kiinte\u00e4t asennukset. Luotettavasti ja ammattitaidolla.","breadcrumb":{"@id":"https:\/\/customevents.fi\/customevents\/#breadcrumb"},"inLanguage":"fi","potentialAction":[{"@type":"ReadAction","target":["https:\/\/customevents.fi\/customevents\/"]}]},{"@type":"BreadcrumbList","@id":"https:\/\/customevents.fi\/customevents\/#breadcrumb","itemListElement":[{"@type":"ListItem","position":1,"name":"Home","item":"https:\/\/customevents.fi\/customevents\/"},{"@type":"ListItem","position":2,"name":"Front Page"}]},{"@type":"WebSite","@id":"https:\/\/customevents.fi\/customevents\/#website","url":"https:\/\/customevents.fi\/customevents\/","name":"Custom Events | &Auml;&auml;nentoisto- ja valaistuspalvelut","description":"&Auml;&auml;nentoisto- ja valaistuspalvelut satakunnassa","publisher":{"@id":"https:\/\/customevents.fi\/customevents\/#organization"},"potentialAction":[{"@type":"SearchAction","target":{"@type":"EntryPoint","urlTemplate":"https:\/\/customevents.fi\/customevents\/?s={search_term_string}"},"query-input":"required name=search_term_string"}],"inLanguage":"fi"},{"@type":"Organization","@id":"https:\/\/customevents.fi\/customevents\/#organization","name":"Custom Events","url":"https:\/\/customevents.fi\/customevents\/","logo":{"@type":"ImageObject","inLanguage":"fi","@id":"https:\/\/customevents.fi\/customevents\/#\/schema\/logo\/image\/","url":"https:\/\/customevents.fi\/customevents\/wp-content\/uploads\/2018\/09\/CE-thumpnailkuvake.png","contentUrl":"https:\/\/customevents.fi\/customevents\/wp-content\/uploads\/2018\/09\/CE-thumpnailkuvake.png","width":513,"height":513,"caption":"Custom Events"},"image":{"@id":"https:\/\/customevents.fi\/customevents\/#\/schema\/logo\/image\/"}}]}},"_links":{"self":[{"href":"https:\/\/customevents.fi\/customevents\/wp-json\/wp\/v2\/pages\/5"}],"collection":[{"href":"https:\/\/customevents.fi\/customevents\/wp-json\/wp\/v2\/pages"}],"about":[{"href":"https:\/\/customevents.fi\/customevents\/wp-json\/wp\/v2\/types\/page"}],"author":[{"embeddable":true,"href":"https:\/\/customevents.fi\/customevents\/wp-json\/wp\/v2\/users\/1"}],"replies":[{"embeddable":true,"href":"https:\/\/customevents.fi\/customevents\/wp-json\/wp\/v2\/comments?post=5"}],"version-history":[{"count":23,"href":"https:\/\/customevents.fi\/customevents\/wp-json\/wp\/v2\/pages\/5\/revisions"}],"predecessor-version":[{"id":95,"href":"https:\/\/customevents.fi\/customevents\/wp-json\/wp\/v2\/pages\/5\/revisions\/95"}],"wp:attachment":[{"href":"https:\/\/customevents.fi\/customevents\/wp-json\/wp\/v2\/media?parent=5"}],"curies":[{"name":"wp","href":"https:\/\/api.w.org\/{rel}","templated":true}]}}